{"id":1335,"date":"2017-02-08T07:01:55","date_gmt":"2017-02-08T07:01:55","guid":{"rendered":"http:\/\/consult.loc\/?page_id=1142"},"modified":"2025-11-11T13:43:05","modified_gmt":"2025-11-11T13:43:05","slug":"a-propos","status":"publish","type":"page","link":"https:\/\/investiradubai.com\/en\/about\/","title":{"rendered":"A propos"},"content":{"rendered":"<div data-elementor-type=\"wp-page\" data-elementor-id=\"1335\" class=\"elementor elementor-1335\">\n\t\t\t\t\t\t<section class=\"elementor-section elementor-top-section elementor-element elementor-element-ce72fbb elementor-section-boxed elementor-section-height-default elementor-section-height-default\" data-id=\"ce72fbb\" data-element_type=\"section\" data-e-type=\"section\">\n\t\t\t\t\t\t<div class=\"elementor-container elementor-column-gap-default\">\n\t\t\t\t\t<div class=\"elementor-column elementor-col-100 elementor-top-column elementor-element elementor-element-43cc754\" data-id=\"43cc754\" data-element_type=\"column\" data-e-type=\"column\">\n\t\t\t<div class=\"elementor-widget-wrap elementor-element-populated\">\n\t\t\t\t\t\t<div class=\"elementor-element elementor-element-ce34368 elementor-widget elementor-widget-vc_custom_heading\" data-id=\"ce34368\" data-element_type=\"widget\" data-e-type=\"widget\" data-widget_type=\"vc_custom_heading.default\">\n\t\t\t\t<div class=\"elementor-widget-container\">\n\t\t\t\t\t<div class=\"vc_custom_heading  consulting_heading_font  text_align_left title_no_stripe\" ><h1 style=\"text-align: left;font-weight:700\" class=\"consulting-custom-title\">Investir \u00e0 Duba\u00ef : votre partenaire expert en cr\u00e9ation d\u2019entreprise\n<\/h1><\/div>\t\t\t\t<\/div>\n\t\t\t\t<\/div>\n\t\t\t\t\t<\/div>\n\t\t<\/div>\n\t\t\t\t\t<\/div>\n\t\t<\/section>\n\t\t\t\t<section class=\"elementor-section elementor-top-section elementor-element elementor-element-b8c3be0 elementor-section-stretched elementor-section-boxed elementor-section-height-default elementor-section-height-default\" data-id=\"b8c3be0\" data-element_type=\"section\" data-e-type=\"section\" data-settings=\"{&quot;background_background&quot;:&quot;classic&quot;,&quot;stretch_section&quot;:&quot;section-stretched&quot;}\">\n\t\t\t\t\t\t<div class=\"elementor-container elementor-column-gap-default\">\n\t\t\t\t\t<div class=\"elementor-column elementor-col-58 elementor-top-column elementor-element elementor-element-b8c43ef\" data-id=\"b8c43ef\" data-element_type=\"column\" data-e-type=\"column\">\n\t\t\t<div class=\"elementor-widget-wrap elementor-element-populated\">\n\t\t\t\t\t\t<div class=\"elementor-element elementor-element-b8c4acb elementor-widget elementor-widget-text-editor\" data-id=\"b8c4acb\" data-element_type=\"widget\" data-e-type=\"widget\" data-widget_type=\"text-editor.default\">\n\t\t\t\t<div class=\"elementor-widget-container\">\n\t\t\t\t\t\t\t\t\t<p>Welcome to Investiradubai.com, your trusted partner for company formation in Dubai.<\/p>\n<p>Leveraging our extensive expertise in taxation, we specialize in assisting businesses and individuals looking to establish operations in this dynamic economic hub while optimizing their tax efficiency.<\/p>\n<p>With our multidisciplinary team, we provide personalized service tailored to your project's specifics and considerations of the tax treaty between France, The Netherlands  and the Emirates.<\/p>\n<p class=\"translation-block\">From company formation to handling administrative procedures related to your establishment on-site, we manage the entire process to ensure the success of your business.<\/p>\n\t\t\t\t\t\t\t\t<\/div>\n\t\t\t\t<\/div>\n\t\t\t\t\t<\/div>\n\t\t<\/div>\n\t\t\t\t<div class=\"elementor-column elementor-col-41 elementor-top-column elementor-element elementor-element-b8c56a3\" data-id=\"b8c56a3\" data-element_type=\"column\" data-e-type=\"column\">\n\t\t\t<div class=\"elementor-widget-wrap elementor-element-populated\">\n\t\t\t\t\t\t<div class=\"elementor-element elementor-element-8f2cc82 elementor-widget elementor-widget-image\" data-id=\"8f2cc82\" data-element_type=\"widget\" data-e-type=\"widget\" data-widget_type=\"image.default\">\n\t\t\t\t<div class=\"elementor-widget-container\">\n\t\t\t\t\t\t\t\t\t\t\t\t\t\t\t<img fetchpriority=\"high\" decoding=\"async\" width=\"800\" height=\"533\" src=\"https:\/\/investiradubai.com\/wp-content\/uploads\/2024\/03\/dubaimainland-1.jpg\" class=\"attachment-large size-large wp-image-16970\" alt=\"Partenaire en Cr\u00e9ation Soci\u00e9t\u00e9 Dubai \u00c9mirats Arabes Unis\" srcset=\"https:\/\/investiradubai.com\/wp-content\/uploads\/2024\/03\/dubaimainland-1.jpg 800w, https:\/\/investiradubai.com\/wp-content\/uploads\/2024\/03\/dubaimainland-1-300x200.jpg 300w, https:\/\/investiradubai.com\/wp-content\/uploads\/2024\/03\/dubaimainland-1-768x512.jpg 768w\" sizes=\"(max-width: 800px) 100vw, 800px\" \/>\t\t\t\t\t\t\t\t\t\t\t\t\t\t\t<\/div>\n\t\t\t\t<\/div>\n\t\t\t\t\t<\/div>\n\t\t<\/div>\n\t\t\t\t\t<\/div>\n\t\t<\/section>\n\t\t\t\t<section class=\"elementor-section elementor-top-section elementor-element elementor-element-b8c60a3 elementor-section-boxed elementor-section-height-default elementor-section-height-default\" data-id=\"b8c60a3\" data-element_type=\"section\" data-e-type=\"section\">\n\t\t\t\t\t\t<div class=\"elementor-container elementor-column-gap-default\">\n\t\t\t\t\t<div class=\"elementor-column elementor-col-100 elementor-top-column elementor-element elementor-element-b8c66f2\" data-id=\"b8c66f2\" data-element_type=\"column\" data-e-type=\"column\">\n\t\t\t<div class=\"elementor-widget-wrap elementor-element-populated\">\n\t\t\t\t\t\t<div class=\"elementor-element elementor-element-b8c6cc9 elementor-widget elementor-widget-vc_custom_heading\" data-id=\"b8c6cc9\" data-element_type=\"widget\" data-e-type=\"widget\" data-widget_type=\"vc_custom_heading.default\">\n\t\t\t\t<div class=\"elementor-widget-container\">\n\t\t\t\t\t<div class=\"vc_custom_heading  consulting_heading_font  text_align_left title_no_stripe\" ><h2 style=\"text-align: left;font-weight:700\" class=\"consulting-custom-title\">Why Invest in Dubai ? \n<\/h2><\/div>\t\t\t\t<\/div>\n\t\t\t\t<\/div>\n\t\t\t\t\t<\/div>\n\t\t<\/div>\n\t\t\t\t\t<\/div>\n\t\t<\/section>\n\t\t\t\t<section class=\"elementor-section elementor-top-section elementor-element elementor-element-b8c723d elementor-section-boxed elementor-section-height-default elementor-section-height-default\" data-id=\"b8c723d\" data-element_type=\"section\" data-e-type=\"section\" data-settings=\"{&quot;background_background&quot;:&quot;classic&quot;}\">\n\t\t\t\t\t\t<div class=\"elementor-container elementor-column-gap-default\">\n\t\t\t\t\t<div class=\"elementor-column elementor-col-100 elementor-top-column elementor-element elementor-element-b8c78ed\" data-id=\"b8c78ed\" data-element_type=\"column\" data-e-type=\"column\">\n\t\t\t<div class=\"elementor-widget-wrap elementor-element-populated\">\n\t\t\t\t\t\t<div class=\"elementor-element elementor-element-b8c8ae3 elementor-widget elementor-widget-stm_icon_box\" data-id=\"b8c8ae3\" data-element_type=\"widget\" data-e-type=\"widget\" data-widget_type=\"stm_icon_box.default\">\n\t\t\t\t<div class=\"elementor-widget-container\">\n\t\t\t\t\t\n\n\n            <div onclick=\"return true\" class=\"icon_box  elementor-consulting-icon-box style_1 icon_left clearfix\">\n                <div class=\"icon  font-color_custom font-color_third_bg\" style=\"width:70px\">\n            <i style=\"font-size: 28px;color: #ffffff;  width: 50px; height: 50px; display: flex; align-items: center; justify-content: center;\"\n               class=\"stm-idea\"><\/i><\/div>\n        <div class=\"icon_text\">\n                    <h5  class=\"font-color_base\"> Personalized support\n<\/h5>\n                <p>We accompany you during crucial appointments, such as interviews for obtaining visas and licenses. You are not alone in this important business formation process.<\/p>\n    <\/div>\n            <\/div>\n    \n\t\t\t\t<\/div>\n\t\t\t\t<\/div>\n\t\t\t\t<div class=\"elementor-element elementor-element-b8c80c3 elementor-widget elementor-widget-stm_icon_box\" data-id=\"b8c80c3\" data-element_type=\"widget\" data-e-type=\"widget\" data-widget_type=\"stm_icon_box.default\">\n\t\t\t\t<div class=\"elementor-widget-container\">\n\t\t\t\t\t\n\n\n            <div onclick=\"return true\" class=\"icon_box  elementor-consulting-icon-box style_1 icon_left clearfix\">\n                <div class=\"icon  font-color_custom font-color_third_bg\" style=\"width:70px\">\n            <i style=\"font-size: 22px;color: #ffffff;  width: 50px; height: 50px; display: flex; align-items: center; justify-content: center;\"\n               class=\"far fa-address-card\"><\/i><\/div>\n        <div class=\"icon_text\">\n                    <h5  class=\"font-color_base\">Dedicated account manager\n<\/h5>\n                <p>Each client benefits from a dedicated account manager, ensuring personalized and quality follow-up throughout our collaboration.<\/p>\n    <\/div>\n            <\/div>\n    \n\t\t\t\t<\/div>\n\t\t\t\t<\/div>\n\t\t\t\t\t<\/div>\n\t\t<\/div>\n\t\t\t\t<div class=\"elementor-column elementor-col-100 elementor-top-column elementor-element elementor-element-b8c82d2\" data-id=\"b8c82d2\" data-element_type=\"column\" data-e-type=\"column\">\n\t\t\t<div class=\"elementor-widget-wrap elementor-element-populated\">\n\t\t\t\t\t\t<div class=\"elementor-element elementor-element-b8c885d elementor-widget elementor-widget-stm_icon_box\" data-id=\"b8c885d\" data-element_type=\"widget\" data-e-type=\"widget\" data-widget_type=\"stm_icon_box.default\">\n\t\t\t\t<div class=\"elementor-widget-container\">\n\t\t\t\t\t\n\n\n            <div onclick=\"return true\" class=\"icon_box  elementor-consulting-icon-box style_1 icon_left clearfix\">\n                <div class=\"icon  font-color_custom font-color_third_bg\" style=\"width:70px\">\n            <i style=\"font-size: 20px;color: #ffffff;  width: 50px; height: 50px; display: flex; align-items: center; justify-content: center;\"\n               class=\"far fa-flag\"><\/i><\/div>\n        <div class=\"icon_text\">\n                    <h5  class=\"font-color_base\">International and Multilingual Team\n<\/h5>\n                <p>Our team consists of skilled professionals who advise you in French, English, and Arabic, ensuring smooth and effective communication.<\/p>\n    <\/div>\n            <\/div>\n    \n\t\t\t\t<\/div>\n\t\t\t\t<\/div>\n\t\t\t\t<div class=\"elementor-element elementor-element-b8c7e8a elementor-widget elementor-widget-stm_icon_box\" data-id=\"b8c7e8a\" data-element_type=\"widget\" data-e-type=\"widget\" data-widget_type=\"stm_icon_box.default\">\n\t\t\t\t<div class=\"elementor-widget-container\">\n\t\t\t\t\t\n\n\n            <div onclick=\"return true\" class=\"icon_box  elementor-consulting-icon-box style_1 icon_left clearfix\">\n                <div class=\"icon  font-color_custom font-color_third_bg\" style=\"width:70px\">\n            <i style=\"font-size: 16px;color: #ffffff;  width: 50px; height: 50px; display: flex; align-items: center; justify-content: center;\"\n               class=\"stm-houston-award-ribbon\"><\/i><\/div>\n        <div class=\"icon_text\">\n                    <h5  class=\"font-color_base\">Recognized Agency\n<\/h5>\n                <p>We are recognized for our seriousness and ethical approach in all our real estate transactions.<\/p>\n    <\/div>\n            <\/div>\n    \n\t\t\t\t<\/div>\n\t\t\t\t<\/div>\n\t\t\t\t\t<\/div>\n\t\t<\/div>\n\t\t\t\t<div class=\"elementor-column elementor-col-100 elementor-top-column elementor-element elementor-element-b8c8dc3\" data-id=\"b8c8dc3\" data-element_type=\"column\" data-e-type=\"column\">\n\t\t\t<div class=\"elementor-widget-wrap elementor-element-populated\">\n\t\t\t\t\t\t<div class=\"elementor-element elementor-element-b8c936d elementor-widget elementor-widget-stm_icon_box\" data-id=\"b8c936d\" data-element_type=\"widget\" data-e-type=\"widget\" data-widget_type=\"stm_icon_box.default\">\n\t\t\t\t<div class=\"elementor-widget-container\">\n\t\t\t\t\t\n\n\n            <div onclick=\"return true\" class=\"icon_box  elementor-consulting-icon-box style_1 icon_left clearfix\">\n                <div class=\"icon  font-color_custom font-color_third_bg\" style=\"width:70px\">\n            <i style=\"font-size: 20px;color: #ffffff;  width: 50px; height: 50px; display: flex; align-items: center; justify-content: center;\"\n               class=\"stm-cart_13\"><\/i><\/div>\n        <div class=\"icon_text\">\n                    <h5  class=\"font-color_base\">Transparency and competitive pricing\n<\/h5>\n                <p>Our prices are competitive and transparent, with no hidden fees. Our quotes are all-inclusive, ensuring complete clarity on the costs associated with our services.<\/p>\n    <\/div>\n            <\/div>\n    \n\t\t\t\t<\/div>\n\t\t\t\t<\/div>\n\t\t\t\t<div class=\"elementor-element elementor-element-b8c958b elementor-widget elementor-widget-stm_icon_box\" data-id=\"b8c958b\" data-element_type=\"widget\" data-e-type=\"widget\" data-widget_type=\"stm_icon_box.default\">\n\t\t\t\t<div class=\"elementor-widget-container\">\n\t\t\t\t\t\n\n\n            <div onclick=\"return true\" class=\"icon_box  elementor-consulting-icon-box style_1 icon_left clearfix\">\n                <div class=\"icon  font-color_custom font-color_third_bg\" style=\"width:70px\">\n            <i style=\"font-size: 18px;color: #ffffff;  width: 50px; height: 50px; display: flex; align-items: center; justify-content: center;\"\n               class=\"stm-zurich-phone\"><\/i><\/div>\n        <div class=\"icon_text\">\n                    <h5  class=\"font-color_base\">Availability\n<\/h5>\n                <p>We are available 7 days a week to answer your questions and assist you at every step of the creation process and beyond, throughout the validity of your license.<\/p>\n    <\/div>\n            <\/div>\n    \n\t\t\t\t<\/div>\n\t\t\t\t<\/div>\n\t\t\t\t\t<\/div>\n\t\t<\/div>\n\t\t\t\t\t<\/div>\n\t\t<\/section>\n\t\t\t\t<section class=\"elementor-section elementor-top-section elementor-element elementor-element-b8c977b about-bg-right elementor-section-stretched elementor-section-content-middle elementor-section-boxed elementor-section-height-default elementor-section-height-default\" data-id=\"b8c977b\" data-element_type=\"section\" data-e-type=\"section\" data-settings=\"{&quot;background_background&quot;:&quot;classic&quot;,&quot;stretch_section&quot;:&quot;section-stretched&quot;}\">\n\t\t\t\t\t\t<div class=\"elementor-container elementor-column-gap-default\">\n\t\t\t\t\t<div class=\"elementor-column elementor-col-50 elementor-top-column elementor-element elementor-element-b8c9f42\" data-id=\"b8c9f42\" data-element_type=\"column\" data-e-type=\"column\">\n\t\t\t<div class=\"elementor-widget-wrap elementor-element-populated\">\n\t\t\t\t\t\t<div class=\"elementor-element elementor-element-b8ca5d4 elementor-widget elementor-widget-vc_custom_heading\" data-id=\"b8ca5d4\" data-element_type=\"widget\" data-e-type=\"widget\" data-widget_type=\"vc_custom_heading.default\">\n\t\t\t\t<div class=\"elementor-widget-container\">\n\t\t\t\t\t<div class=\"vc_custom_heading  consulting_heading_font  text_align_left title_no_stripe\" ><h2 style=\"text-align: left;font-weight:700\" class=\"consulting-custom-title\">Our mission\n<\/h2><\/div>\t\t\t\t<\/div>\n\t\t\t\t<\/div>\n\t\t\t\t<div class=\"elementor-element elementor-element-b8ca978 elementor-widget elementor-widget-text-editor\" data-id=\"b8ca978\" data-element_type=\"widget\" data-e-type=\"widget\" data-widget_type=\"text-editor.default\">\n\t\t\t\t<div class=\"elementor-widget-container\">\n\t\t\t\t\t\t\t\t\t<p>At Investiradubai.com, our mission is to provide our clients with the resources, knowledge, and support needed to succeed in establishing themselves in Dubai. We are committed to delivering high-quality service, characterized by our deep expertise, transparency, and dedication to the success of our clients.<\/p>\n<p>We aim to build strong and lasting relationships with our clients by supporting them at every stage of their journey, from establishing their company to optimizing their operations in the Dubai market. Our ultimate goal is to become the preferred partner for European entrepreneurs and investors looking to seize opportunities in the dynamic market of the United Arab Emirates.<\/p>\n\t\t\t\t\t\t\t\t<\/div>\n\t\t\t\t<\/div>\n\t\t\t\t<div class=\"elementor-element elementor-element-b8cad37 elementor-widget elementor-widget-text-editor\" data-id=\"b8cad37\" data-element_type=\"widget\" data-e-type=\"widget\" data-widget_type=\"text-editor.default\">\n\t\t\t\t<div class=\"elementor-widget-container\">\n\t\t\t\t\t\t\t\t\t<p><span style=\"line-height: 22px;\">We are committed to providing you with exceptional service, based on integrity, trust and commitment to your success.\u00a0<\/span><\/p>\n\t\t\t\t\t\t\t\t<\/div>\n\t\t\t\t<\/div>\n\t\t\t\t\t<\/div>\n\t\t<\/div>\n\t\t\t\t<div class=\"elementor-column elementor-col-50 elementor-top-column elementor-element elementor-element-b8ccac3 about_full-right_width\" data-id=\"b8ccac3\" data-element_type=\"column\" data-e-type=\"column\" data-settings=\"{&quot;background_background&quot;:&quot;classic&quot;}\">\n\t\t\t<div class=\"elementor-widget-wrap elementor-element-populated\">\n\t\t\t\t\t\t<div class=\"elementor-element elementor-element-b8cd846 elementor-widget elementor-widget-vc_custom_heading\" data-id=\"b8cd846\" data-element_type=\"widget\" data-e-type=\"widget\" data-widget_type=\"vc_custom_heading.default\">\n\t\t\t\t<div class=\"elementor-widget-container\">\n\t\t\t\t\t<div class=\"vc_custom_heading  consulting_heading_font  text_align_left title_no_stripe\" ><h2 style=\"color: #ffffff;text-align: left;font-weight:700\" class=\"consulting-custom-title\">Our expertise\n<\/h2><\/div>\t\t\t\t<\/div>\n\t\t\t\t<\/div>\n\t\t\t\t<div class=\"elementor-element elementor-element-b8e2a31 elementor-widget elementor-widget-progress\" data-id=\"b8e2a31\" data-element_type=\"widget\" data-e-type=\"widget\" data-widget_type=\"progress.default\">\n\t\t\t\t<div class=\"elementor-widget-container\">\n\t\t\t\t\t\n\t\t<div class=\"elementor-progress-wrapper\" role=\"progressbar\" aria-valuemin=\"0\" aria-valuemax=\"100\" aria-valuenow=\"90\" aria-valuetext=\"90% (consulting)\">\n\t\t\t<div class=\"elementor-progress-bar\" data-max=\"90\">\n\t\t\t\t<span class=\"elementor-progress-text\">consulting<\/span>\n\t\t\t\t\t\t\t\t\t<span class=\"elementor-progress-percentage\">90%<\/span>\n\t\t\t\t\t\t\t<\/div>\n\t\t<\/div>\n\t\t\t\t\t\t<\/div>\n\t\t\t\t<\/div>\n\t\t\t\t<div class=\"elementor-element elementor-element-b8e2a5e elementor-widget elementor-widget-progress\" data-id=\"b8e2a5e\" data-element_type=\"widget\" data-e-type=\"widget\" data-widget_type=\"progress.default\">\n\t\t\t\t<div class=\"elementor-widget-container\">\n\t\t\t\t\t\n\t\t<div class=\"elementor-progress-wrapper\" role=\"progressbar\" aria-valuemin=\"0\" aria-valuemax=\"100\" aria-valuenow=\"85\" aria-valuetext=\"85% (bank Services)\">\n\t\t\t<div class=\"elementor-progress-bar\" data-max=\"85\">\n\t\t\t\t<span class=\"elementor-progress-text\">bank Services<\/span>\n\t\t\t\t\t\t\t\t\t<span class=\"elementor-progress-percentage\">85%<\/span>\n\t\t\t\t\t\t\t<\/div>\n\t\t<\/div>\n\t\t\t\t\t\t<\/div>\n\t\t\t\t<\/div>\n\t\t\t\t<div class=\"elementor-element elementor-element-b8e2a70 elementor-widget elementor-widget-progress\" data-id=\"b8e2a70\" data-element_type=\"widget\" data-e-type=\"widget\" data-widget_type=\"progress.default\">\n\t\t\t\t<div class=\"elementor-widget-container\">\n\t\t\t\t\t\n\t\t<div class=\"elementor-progress-wrapper\" role=\"progressbar\" aria-valuemin=\"0\" aria-valuemax=\"100\" aria-valuenow=\"90\" aria-valuetext=\"90% (Juridique)\">\n\t\t\t<div class=\"elementor-progress-bar\" data-max=\"90\">\n\t\t\t\t<span class=\"elementor-progress-text\">Legal<\/span>\n\t\t\t\t\t\t\t\t\t<span class=\"elementor-progress-percentage\">90%<\/span>\n\t\t\t\t\t\t\t<\/div>\n\t\t<\/div>\n\t\t\t\t\t\t<\/div>\n\t\t\t\t<\/div>\n\t\t\t\t<div class=\"elementor-element elementor-element-b8cdbf1 elementor-widget elementor-widget-progress\" data-id=\"b8cdbf1\" data-element_type=\"widget\" data-e-type=\"widget\" data-widget_type=\"progress.default\">\n\t\t\t\t<div class=\"elementor-widget-container\">\n\t\t\t\t\t\n\t\t<div class=\"elementor-progress-wrapper\" role=\"progressbar\" aria-valuemin=\"0\" aria-valuemax=\"100\" aria-valuenow=\"80\" aria-valuetext=\"80% (comptabilit\u00e9)\">\n\t\t\t<div class=\"elementor-progress-bar\" data-max=\"80\">\n\t\t\t\t<span class=\"elementor-progress-text\">accounting<\/span>\n\t\t\t\t\t\t\t\t\t<span class=\"elementor-progress-percentage\">80%<\/span>\n\t\t\t\t\t\t\t<\/div>\n\t\t<\/div>\n\t\t\t\t\t\t<\/div>\n\t\t\t\t<\/div>\n\t\t\t\t\t<\/div>\n\t\t<\/div>\n\t\t\t\t\t<\/div>\n\t\t<\/section>\n\t\t\t\t<\/div>","protected":false},"excerpt":{"rendered":"<p>Investir \u00e0 Duba\u00ef : votre partenaire expert en cr\u00e9ation d\u2019entreprise Bienvenue chez Investiradubai.com, votre partenaire de confiance pour la cr\u00e9ation soci\u00e9t\u00e9 \u00e0 Duba\u00ef. Forts de notre expertise en fiscalit\u00e9, nous sommes sp\u00e9cialis\u00e9s dans la cr\u00e9ation de soci\u00e9t\u00e9s pour ceux qui souhaitent s\u2019\u00e9tablir dans un hub \u00e9conomique dynamique tout en optimisant leur fiscalit\u00e9 Avec notre \u00e9quipe<\/p>","protected":false},"author":1,"featured_media":0,"parent":0,"menu_order":0,"comment_status":"closed","ping_status":"closed","template":"","meta":{"_coblocks_attr":"","_coblocks_dimensions":"","_coblocks_responsive_height":"","_coblocks_accordion_ie_support":"","footnotes":""},"class_list":["post-1335","page","type-page","status-publish","hentry"],"_links":{"self":[{"href":"https:\/\/investiradubai.com\/en\/wp-json\/wp\/v2\/pages\/1335","targetHints":{"allow":["GET"]}}],"collection":[{"href":"https:\/\/investiradubai.com\/en\/wp-json\/wp\/v2\/pages"}],"about":[{"href":"https:\/\/investiradubai.com\/en\/wp-json\/wp\/v2\/types\/page"}],"author":[{"embeddable":true,"href":"https:\/\/investiradubai.com\/en\/wp-json\/wp\/v2\/users\/1"}],"replies":[{"embeddable":true,"href":"https:\/\/investiradubai.com\/en\/wp-json\/wp\/v2\/comments?post=1335"}],"version-history":[{"count":103,"href":"https:\/\/investiradubai.com\/en\/wp-json\/wp\/v2\/pages\/1335\/revisions"}],"predecessor-version":[{"id":19216,"href":"https:\/\/investiradubai.com\/en\/wp-json\/wp\/v2\/pages\/1335\/revisions\/19216"}],"wp:attachment":[{"href":"https:\/\/investiradubai.com\/en\/wp-json\/wp\/v2\/media?parent=1335"}],"curies":[{"name":"wp","href":"https:\/\/api.w.org\/{rel}","templated":true}]}}