{"id":17503,"date":"2024-06-21T10:40:49","date_gmt":"2024-06-21T10:40:49","guid":{"rendered":"https:\/\/investiradubai.com\/?page_id=17503"},"modified":"2025-11-11T18:01:23","modified_gmt":"2025-11-11T18:01:23","slug":"residence-fiscale-personnelle","status":"publish","type":"page","link":"https:\/\/investiradubai.com\/en\/personal-tax-residence-certificate\/","title":{"rendered":"Personal tax residence certificate"},"content":{"rendered":"<div data-elementor-type=\"wp-page\" data-elementor-id=\"17503\" class=\"elementor elementor-17503\">\n\t\t\t\t<div class=\"elementor-element elementor-element-7cdcbcc e-flex e-con-boxed e-con e-parent\" data-id=\"7cdcbcc\" data-element_type=\"container\" data-e-type=\"container\">\n\t\t\t\t\t<div class=\"e-con-inner\">\n\t\t\t\t<div class=\"elementor-element elementor-element-5b3f647 elementor-widget elementor-widget-spacer\" data-id=\"5b3f647\" data-element_type=\"widget\" data-e-type=\"widget\" data-widget_type=\"spacer.default\">\n\t\t\t\t<div class=\"elementor-widget-container\">\n\t\t\t\t\t\t\t<div class=\"elementor-spacer\">\n\t\t\t<div class=\"elementor-spacer-inner\"><\/div>\n\t\t<\/div>\n\t\t\t\t\t\t<\/div>\n\t\t\t\t<\/div>\n\t\t\t\t<div class=\"elementor-element elementor-element-9fd0b45 elementor-widget elementor-widget-heading\" data-id=\"9fd0b45\" data-element_type=\"widget\" data-e-type=\"widget\" data-widget_type=\"heading.default\">\n\t\t\t\t<div class=\"elementor-widget-container\">\n\t\t\t\t\t<h1 class=\"elementor-heading-title elementor-size-default\">Personal tax residence certificate<\/h1>\t\t\t\t<\/div>\n\t\t\t\t<\/div>\n\t\t\t\t<div class=\"elementor-element elementor-element-2b9e94f elementor-widget elementor-widget-text-editor\" data-id=\"2b9e94f\" data-element_type=\"widget\" data-e-type=\"widget\" data-widget_type=\"text-editor.default\">\n\t\t\t\t<div class=\"elementor-widget-container\">\n\t\t\t\t\t\t\t\t\t<p><span style=\"font-weight: 400;\">Obtenir un <\/span><b>certificat de r\u00e9sidence fiscale personnelle<\/b><span style=\"font-weight: 400;\"> est une \u00e9tape cruciale pour tout individu souhaitant \u00e9tablir sa r\u00e9sidence fiscale aux \u00c9mirats Arabes Unis. <\/span>Ce document certifie votre statut de r\u00e9sident fiscal aupr\u00e8s des autorit\u00e9s locales et internationales. Il vous permet \u00e9galement de b\u00e9n\u00e9ficier des nombreux avantages offerts par la fiscalit\u00e9 attrayante des \u00c9mirats Arabes Unis.<\/p>\n\t\t\t\t\t\t\t\t<\/div>\n\t\t\t\t<\/div>\n\t\t\t\t<div class=\"elementor-element elementor-element-625d46a elementor-align-right elementor-widget elementor-widget-button\" data-id=\"625d46a\" data-element_type=\"widget\" data-e-type=\"widget\" data-widget_type=\"button.default\">\n\t\t\t\t<div class=\"elementor-widget-container\">\n\t\t\t\t\t\t\t\t\t<div class=\"elementor-button-wrapper icon_align_\">\n\t\t\t\t\t<a class=\"elementor-button elementor-button-link elementor-size-sm\" href=\"https:\/\/investiradubai.com\/en\/contact\/\">\n\t\t\t\t\t\t<span class=\"elementor-button-content-wrapper\">\n\t\t\t\t\t\t\t\t\t<span class=\"elementor-button-text\">\ud83d\udcbc Obtenez votre \u00e9valuation gratuite<\/span>\n\t\t\t\t\t<\/span>\n\t\t\t\t\t<\/a>\n\t\t\t\t<\/div>\n\t\t\t\t\t\t\t\t<\/div>\n\t\t\t\t<\/div>\n\t\t\t\t<div class=\"elementor-element elementor-element-7f4ba74 elementor-widget elementor-widget-text-editor\" data-id=\"7f4ba74\" data-element_type=\"widget\" data-e-type=\"widget\" data-widget_type=\"text-editor.default\">\n\t\t\t\t<div class=\"elementor-widget-container\">\n\t\t\t\t\t\t\t\t\t<blockquote>\n<h2>Certificat de r\u00e9sidence fiscale personnelle : pourquoi aux \u00c9mirats ?<\/h2>\n<p><span style=\"font-weight: 400;\">Les \u00c9mirats Arabes Unis, avec leur environnement fiscal favorable, offrent une opportunit\u00e9 unique pour les expatri\u00e9s et les investisseurs. En obtenant un certificat de r\u00e9sidence fiscale personnelle, vous pouvez b\u00e9n\u00e9ficier de nombreux avantages, tels que :<\/span><\/p>\n<ul>\n<li style=\"font-weight: 400;\" aria-level=\"1\"><b>Absence d\u2019imp\u00f4t sur le revenu personnel<\/b><span style=\"font-weight: 400;\"> : Les r\u00e9sidents fiscaux des \u00c9mirats ne sont pas soumis \u00e0 l\u2019imp\u00f4t sur les revenus personnels g\u00e9n\u00e9r\u00e9s \u00e0 l\u2019int\u00e9rieur ou \u00e0 l\u2019ext\u00e9rieur du pays.<\/span><\/li>\n<li style=\"font-weight: 400;\" aria-level=\"1\"><b>Double imposition \u00e9vit\u00e9e<\/b><span style=\"font-weight: 400;\"> : Gr\u00e2ce aux accords bilat\u00e9raux sign\u00e9s avec de nombreux pays, vous pouvez \u00e9viter d&rsquo;\u00eatre tax\u00e9 deux fois sur le m\u00eame revenu.<\/span><\/li>\n<li style=\"font-weight: 400;\" aria-level=\"1\"><b>Preuve de r\u00e9sidence fiscale<\/b> : Ce certificat est essentiel pour prouver votre r\u00e9sidence fiscale aux autorit\u00e9s fiscales \u00e9trang\u00e8res, notamment lors de vos transactions financi\u00e8res internationales.<\/li>\n<\/ul>\n<\/blockquote>\n\t\t\t\t\t\t\t\t<\/div>\n\t\t\t\t<\/div>\n\t\t\t\t<div class=\"elementor-element elementor-element-8915432 elementor-widget elementor-widget-text-editor\" data-id=\"8915432\" data-element_type=\"widget\" data-e-type=\"widget\" data-widget_type=\"text-editor.default\">\n\t\t\t\t<div class=\"elementor-widget-container\">\n\t\t\t\t\t\t\t\t\t<h2>Conditions pour obtenir un certificat de r\u00e9sidence fiscale personnelle<\/h2>\n<p><span style=\"font-weight: 400;\">Pour obtenir ce certificat, certaines conditions doivent \u00eatre remplies. Vous devez d\u00e9montrer une pr\u00e9sence physique aux \u00c9mirats et \u00e9tablir votre domicile dans le pays. Voici les principaux crit\u00e8res :<\/span><\/p>\n<ol>\n<li style=\"font-weight: 400;\" aria-level=\"1\"><b>Dur\u00e9e de s\u00e9jour minimale<\/b><span style=\"font-weight: 400;\"> : Vous devez passer plus de 183 jours par an aux \u00c9mirats pour \u00eatre \u00e9ligible au certificat de r\u00e9sidence fiscale.<\/span><\/li>\n<li style=\"font-weight: 400;\" aria-level=\"1\"><b>Preuves de r\u00e9sidence<\/b><span style=\"font-weight: 400;\"> : Vous devrez fournir des justificatifs tels que des contrats de location ou des factures de services publics \u00e0 votre nom. D\u2019autres documents officiels pourront \u00e9galement \u00eatre requis pour attester de votre pr\u00e9sence sur le territoire.<\/span><\/li>\n<li style=\"font-weight: 400;\" aria-level=\"1\"><b>Justification des revenus<\/b><span style=\"font-weight: 400;\"> : Des documents prouvant la provenance et la r\u00e9gularit\u00e9 de vos revenus peuvent \u00eatre exig\u00e9s pour garantir la conformit\u00e9 avec les lois fiscales locales.<\/span><\/li>\n<\/ol>\n\t\t\t\t\t\t\t\t<\/div>\n\t\t\t\t<\/div>\n\t\t\t\t<div class=\"elementor-element elementor-element-49d4ab9 elementor-align-left elementor-widget elementor-widget-button\" data-id=\"49d4ab9\" data-element_type=\"widget\" data-e-type=\"widget\" data-widget_type=\"button.default\">\n\t\t\t\t<div class=\"elementor-widget-container\">\n\t\t\t\t\t\t\t\t\t<div class=\"elementor-button-wrapper icon_align_\">\n\t\t\t\t\t<a class=\"elementor-button elementor-button-link elementor-size-sm\" href=\"https:\/\/investiradubai.com\/en\/contact\/\">\n\t\t\t\t\t\t<span class=\"elementor-button-content-wrapper\">\n\t\t\t\t\t\t\t\t\t<span class=\"elementor-button-text\">\ud83d\udcdd V\u00e9rifiez votre \u00e9ligibilit\u00e9 d\u00e8s maintenant<\/span>\n\t\t\t\t\t<\/span>\n\t\t\t\t\t<\/a>\n\t\t\t\t<\/div>\n\t\t\t\t\t\t\t\t<\/div>\n\t\t\t\t<\/div>\n\t\t\t\t\t<\/div>\n\t\t\t\t<\/div>\n\t\t\t\t<section class=\"elementor-section elementor-top-section elementor-element elementor-element-5ed5d1c elementor-section-content-middle elementor-section-boxed elementor-section-height-default elementor-section-height-default\" data-id=\"5ed5d1c\" data-element_type=\"section\" data-e-type=\"section\">\n\t\t\t\t\t\t<div class=\"elementor-container elementor-column-gap-default\">\n\t\t\t\t\t<div class=\"elementor-column elementor-col-50 elementor-top-column elementor-element elementor-element-854267e\" data-id=\"854267e\" data-element_type=\"column\" data-e-type=\"column\">\n\t\t\t<div class=\"elementor-widget-wrap elementor-element-populated\">\n\t\t\t\t\t\t<div class=\"elementor-element elementor-element-73cbb75 elementor-widget elementor-widget-heading\" data-id=\"73cbb75\" data-element_type=\"widget\" data-e-type=\"widget\" data-widget_type=\"heading.default\">\n\t\t\t\t<div class=\"elementor-widget-container\">\n\t\t\t\t\t<h2 class=\"elementor-heading-title elementor-size-default\">Comment Investir \u00e0 Duba\u00ef peut vous accompagner ?<\/h2>\t\t\t\t<\/div>\n\t\t\t\t<\/div>\n\t\t\t\t<div class=\"elementor-element elementor-element-268e49a elementor-widget elementor-widget-heading\" data-id=\"268e49a\" data-element_type=\"widget\" data-e-type=\"widget\" data-widget_type=\"heading.default\">\n\t\t\t\t<div class=\"elementor-widget-container\">\n\t\t\t\t\t<p class=\"elementor-heading-title elementor-size-default\">Chez Investir \u00e0 Duba\u00ef, nous comprenons l\u2019importance de s\u00e9curiser votre statut fiscal dans un environnement globalis\u00e9. Nous vous accompagnons \u00e0 chaque \u00e9tape pour obtenir votre certificat de r\u00e9sidence fiscale personnelle. B\u00e9n\u00e9ficiez d\u2019un processus simplifi\u00e9 et d\u2019une assistance enti\u00e8rement personnalis\u00e9e.<\/p>\t\t\t\t<\/div>\n\t\t\t\t<\/div>\n\t\t\t\t<div class=\"elementor-element elementor-element-f345454 elementor-widget__width-initial elementor-widget elementor-widget-spacer\" data-id=\"f345454\" data-element_type=\"widget\" data-e-type=\"widget\" data-widget_type=\"spacer.default\">\n\t\t\t\t<div class=\"elementor-widget-container\">\n\t\t\t\t\t\t\t<div class=\"elementor-spacer\">\n\t\t\t<div class=\"elementor-spacer-inner\"><\/div>\n\t\t<\/div>\n\t\t\t\t\t\t<\/div>\n\t\t\t\t<\/div>\n\t\t\t\t<div class=\"elementor-element elementor-element-f94f38b elementor-widget elementor-widget-heading\" data-id=\"f94f38b\" data-element_type=\"widget\" data-e-type=\"widget\" data-widget_type=\"heading.default\">\n\t\t\t\t<div class=\"elementor-widget-container\">\n\t\t\t\t\t<p class=\"elementor-heading-title elementor-size-default\">Notre service comprend :<\/p>\t\t\t\t<\/div>\n\t\t\t\t<\/div>\n\t\t\t\t<div class=\"elementor-element elementor-element-4a082ef elementor-widget elementor-widget-text-editor\" data-id=\"4a082ef\" data-element_type=\"widget\" data-e-type=\"widget\" data-widget_type=\"text-editor.default\">\n\t\t\t\t<div class=\"elementor-widget-container\">\n\t\t\t\t\t\t\t\t\t<ul>\n<li><b>Pr\u00e9paration et v\u00e9rification des documents<\/b><span style=\"font-weight: 400;\"> n\u00e9cessaires \u00e0 votre demande.<\/span><\/li>\n<li><b>Accompagnement dans la soumission du dossier<\/b><span style=\"font-weight: 400;\"> aux autorit\u00e9s comp\u00e9tentes.<\/span><\/li>\n<li><b>Conseils sur les exigences r\u00e9glementaires<\/b><span style=\"font-weight: 400;\"> et fiscales locales pour garantir votre conformit\u00e9.<\/span><\/li>\n<\/ul>\n\t\t\t\t\t\t\t\t<\/div>\n\t\t\t\t<\/div>\n\t\t\t\t<div class=\"elementor-element elementor-element-10cd06e elementor-align-left elementor-widget elementor-widget-button\" data-id=\"10cd06e\" data-element_type=\"widget\" data-e-type=\"widget\" data-widget_type=\"button.default\">\n\t\t\t\t<div class=\"elementor-widget-container\">\n\t\t\t\t\t\t\t\t\t<div class=\"elementor-button-wrapper icon_align_\">\n\t\t\t\t\t<a class=\"elementor-button elementor-button-link elementor-size-sm\" href=\"https:\/\/investiradubai.com\/en\/contact\/\">\n\t\t\t\t\t\t<span class=\"elementor-button-content-wrapper\">\n\t\t\t\t\t\t\t\t\t<span class=\"elementor-button-text\">\ud83d\udcde Prenez contact avec nous<\/span>\n\t\t\t\t\t<\/span>\n\t\t\t\t\t<\/a>\n\t\t\t\t<\/div>\n\t\t\t\t\t\t\t\t<\/div>\n\t\t\t\t<\/div>\n\t\t\t\t\t<\/div>\n\t\t<\/div>\n\t\t\t\t<div class=\"elementor-column elementor-col-50 elementor-top-column elementor-element elementor-element-cd08383\" data-id=\"cd08383\" data-element_type=\"column\" data-e-type=\"column\">\n\t\t\t<div class=\"elementor-widget-wrap elementor-element-populated\">\n\t\t\t\t\t\t<div class=\"elementor-element elementor-element-314c640 elementor-widget__width-auto elementor-absolute elementor-hidden-mobile elementor-hidden-tablet elementor-widget elementor-widget-image\" data-id=\"314c640\" data-element_type=\"widget\" data-e-type=\"widget\" data-settings=\"{&quot;_position&quot;:&quot;absolute&quot;}\" data-widget_type=\"image.default\">\n\t\t\t\t<div class=\"elementor-widget-container\">\n\t\t\t\t\t\t\t\t\t\t\t\t\t\t\t<img fetchpriority=\"high\" decoding=\"async\" width=\"358\" height=\"250\" src=\"https:\/\/investiradubai.com\/wp-content\/uploads\/2024\/03\/societe-a-dubai-768x512-1-358x250.jpg\" class=\"attachment-consulting-image-358x250-cropped size-consulting-image-358x250-cropped wp-image-16678\" alt=\"cr\u00e9ation soci\u00e9t\u00e9 Dubai Emirates\" \/>\t\t\t\t\t\t\t\t\t\t\t\t\t\t\t<\/div>\n\t\t\t\t<\/div>\n\t\t\t\t<div class=\"elementor-element elementor-element-1eb4bfc elementor-widget elementor-widget-image-carousel\" data-id=\"1eb4bfc\" data-element_type=\"widget\" data-e-type=\"widget\" data-settings=\"{&quot;slides_to_show&quot;:&quot;1&quot;,&quot;navigation&quot;:&quot;none&quot;,&quot;autoplay&quot;:&quot;yes&quot;,&quot;pause_on_hover&quot;:&quot;yes&quot;,&quot;pause_on_interaction&quot;:&quot;yes&quot;,&quot;autoplay_speed&quot;:5000,&quot;infinite&quot;:&quot;yes&quot;,&quot;effect&quot;:&quot;slide&quot;,&quot;speed&quot;:500}\" data-widget_type=\"image-carousel.default\">\n\t\t\t\t<div class=\"elementor-widget-container\">\n\t\t\t\t\t\t\t<div class=\"elementor-image-carousel-wrapper swiper\" role=\"region\" aria-roledescription=\"carousel\" aria-label=\"Carrousel d\u2019images\" dir=\"ltr\">\n\t\t\t<div class=\"elementor-image-carousel swiper-wrapper\" aria-live=\"off\">\n\t\t\t\t\t\t\t\t<div class=\"swiper-slide\" role=\"group\" aria-roledescription=\"slide\" aria-label=\"1 sur 3\"><figure class=\"swiper-slide-inner\"><img decoding=\"async\" class=\"swiper-slide-image\" src=\"https:\/\/investiradubai.com\/wp-content\/uploads\/elementor\/thumbs\/portfolio-3-1-qkpl90rquh14eizdiekj6blgwn2gn7dhi4a2ugg9kg.jpg\" alt=\"Consultation gratuite\u200b pour la Cr\u00e9ation de Soci\u00e9t\u00e9 \u00e0 Duba\u00ef\" \/><\/figure><\/div><div class=\"swiper-slide\" role=\"group\" aria-roledescription=\"slide\" aria-label=\"2 sur 3\"><figure class=\"swiper-slide-inner\"><img decoding=\"async\" class=\"swiper-slide-image\" src=\"https:\/\/investiradubai.com\/wp-content\/uploads\/elementor\/thumbs\/portfolio-6-1-qkpl96erzh8uc6r6lh0ala68gyanxdzviw6zq47wj4.jpg\" alt=\"cr\u00e9ation Soci\u00e9t\u00e9 Dubai\" \/><\/figure><\/div><div class=\"swiper-slide\" role=\"group\" aria-roledescription=\"slide\" aria-label=\"3 sur 3\"><figure class=\"swiper-slide-inner\"><img decoding=\"async\" class=\"swiper-slide-image\" src=\"https:\/\/investiradubai.com\/wp-content\/uploads\/elementor\/thumbs\/events-4-1-qkpl8sb74ypji1bnvsww1vqbk685pxfwgyepiyst4g.jpg\" alt=\"Cr\u00e9ation Soci\u00e9t\u00e9 Freezone Dubai Emirates\" \/><\/figure><\/div>\t\t\t<\/div>\n\t\t\t\t\t\t\t\n\t\t\t\t\t\t\t\t\t<\/div>\n\t\t\t\t\t\t<\/div>\n\t\t\t\t<\/div>\n\t\t\t\t<div class=\"elementor-element elementor-element-a3ea731 elementor-widget__width-auto elementor-absolute elementor-hidden-mobile elementor-hidden-tablet elementor-widget elementor-widget-image\" data-id=\"a3ea731\" data-element_type=\"widget\" data-e-type=\"widget\" data-settings=\"{&quot;_position&quot;:&quot;absolute&quot;}\" data-widget_type=\"image.default\">\n\t\t\t\t<div class=\"elementor-widget-container\">\n\t\t\t\t\t\t\t\t\t\t\t\t\t\t\t<img decoding=\"async\" width=\"358\" height=\"250\" src=\"https:\/\/investiradubai.com\/wp-content\/uploads\/2024\/03\/portfolio-1-1-358x250.jpg\" class=\"attachment-consulting-image-358x250-cropped size-consulting-image-358x250-cropped wp-image-16506\" alt=\"conseillers sp\u00e9cialis\u00e9s dans la cr\u00e9ation de soci\u00e9t\u00e9\" \/>\t\t\t\t\t\t\t\t\t\t\t\t\t\t\t<\/div>\n\t\t\t\t<\/div>\n\t\t\t\t\t<\/div>\n\t\t<\/div>\n\t\t\t\t\t<\/div>\n\t\t<\/section>\n\t\t<div class=\"elementor-element elementor-element-ca82fa4 e-flex e-con-boxed e-con e-parent\" data-id=\"ca82fa4\" data-element_type=\"container\" data-e-type=\"container\">\n\t\t\t\t\t<div class=\"e-con-inner\">\n\t\t\t\t<div class=\"elementor-element elementor-element-e65cf9d elementor-widget elementor-widget-text-editor\" data-id=\"e65cf9d\" data-element_type=\"widget\" data-e-type=\"widget\" data-widget_type=\"text-editor.default\">\n\t\t\t\t<div class=\"elementor-widget-container\">\n\t\t\t\t\t\t\t\t\t<h2><strong>Les avantages \u00e0 long terme d\u2019un Certificat de R\u00e9sidence Fiscale Personnelle<\/strong><\/h2>\n<p>En obtenant ce certificat, vous renforcez votre position fiscale. Vous acc\u00e9dez \u00e9galement \u00e0 de nombreuses opportunit\u00e9s financi\u00e8res aux \u00c9mirats.<span style=\"font-weight: 400;\">\u00a0Vous profitez de :<\/span><\/p>\n<ul>\n<li style=\"font-weight: 400;\" aria-level=\"1\"><b>Un cadre de vie sans pression fiscale<\/b><span style=\"font-weight: 400;\"> : Aucune imposition sur le revenu personnel, vous permettant de conserver l&rsquo;int\u00e9gralit\u00e9 de vos gains.<\/span><\/li>\n<li style=\"font-weight: 400;\" aria-level=\"1\"><b>Flexibilit\u00e9 dans vos investissements<\/b><span style=\"font-weight: 400;\"> : Que ce soit dans l\u2019immobilier, les placements financiers, ou le commerce, un certificat de r\u00e9sidence fiscale vous donne acc\u00e8s \u00e0 de nouvelles opportunit\u00e9s d&rsquo;investissement.<\/span><\/li>\n<li style=\"font-weight: 400;\" aria-level=\"1\"><b>Un cadre juridique solide<\/b> : En tant que r\u00e9sident fiscal, vous b\u00e9n\u00e9ficiez d\u2019un cadre juridique international reconnu qui prot\u00e8ge vos actifs et votre patrimoine.<\/li>\n<\/ul>\n\t\t\t\t\t\t\t\t<\/div>\n\t\t\t\t<\/div>\n\t\t\t\t<div class=\"elementor-element elementor-element-9aeba17 elementor-widget elementor-widget-text-editor\" data-id=\"9aeba17\" data-element_type=\"widget\" data-e-type=\"widget\" data-widget_type=\"text-editor.default\">\n\t\t\t\t<div class=\"elementor-widget-container\">\n\t\t\t\t\t\t\t\t\t<blockquote>\n<h2><strong>Prenez le contr\u00f4le de votre avenir financier<\/strong><\/h2>\n<p><span style=\"font-weight: 400;\">Ne laissez pas les complexit\u00e9s administratives freiner vos projets d\u2019expatriation ou d\u2019investissement. Avec <\/span><b>Investir \u00e0 Duba\u00ef<\/b><span style=\"font-weight: 400;\">, vous avez un partenaire de confiance pour obtenir rapidement et efficacement votre certificat de r\u00e9sidence fiscale personnelle.<\/span><\/p>\n<p><strong>Contact us today<\/strong> pour d\u00e9couvrir la proc\u00e9dure et b\u00e9n\u00e9ficier de notre accompagnement pour votre installation aux \u00c9mirats Arabes Unis. Assurez votre avenir financier dans ce pays \u00e0 la fiscalit\u00e9 avantageuse.<\/p>\n<\/blockquote>\n\t\t\t\t\t\t\t\t<\/div>\n\t\t\t\t<\/div>\n\t\t\t\t\t<\/div>\n\t\t\t\t<\/div>\n\t\t\t\t<section class=\"elementor-section elementor-top-section elementor-element elementor-element-e6f396d elementor-section-content-middle elementor-section-boxed elementor-section-height-default elementor-section-height-default\" data-id=\"e6f396d\" data-element_type=\"section\" data-e-type=\"section\" data-settings=\"{&quot;background_background&quot;:&quot;classic&quot;}\">\n\t\t\t\t\t\t<div class=\"elementor-container elementor-column-gap-default\">\n\t\t\t\t\t<div class=\"elementor-column elementor-col-50 elementor-top-column elementor-element elementor-element-ac260ff\" data-id=\"ac260ff\" data-element_type=\"column\" data-e-type=\"column\">\n\t\t\t<div class=\"elementor-widget-wrap elementor-element-populated\">\n\t\t\t\t\t\t<div class=\"elementor-element elementor-element-5cbb502 elementor-widget elementor-widget-heading\" data-id=\"5cbb502\" data-element_type=\"widget\" data-e-type=\"widget\" data-widget_type=\"heading.default\">\n\t\t\t\t<div class=\"elementor-widget-container\">\n\t\t\t\t\t<div class=\"elementor-heading-title elementor-size-default\">\ud83d\udcdeContact Us for a Free Consultation<\/div>\t\t\t\t<\/div>\n\t\t\t\t<\/div>\n\t\t\t\t\t<\/div>\n\t\t<\/div>\n\t\t\t\t<div class=\"elementor-column elementor-col-50 elementor-top-column elementor-element elementor-element-5810890\" data-id=\"5810890\" data-element_type=\"column\" data-e-type=\"column\">\n\t\t\t<div class=\"elementor-widget-wrap elementor-element-populated\">\n\t\t\t\t\t\t<div class=\"elementor-element elementor-element-26e18fa elementor-widget__width-auto elementor-widget elementor-widget-button\" data-id=\"26e18fa\" data-element_type=\"widget\" data-e-type=\"widget\" data-widget_type=\"button.default\">\n\t\t\t\t<div class=\"elementor-widget-container\">\n\t\t\t\t\t\t\t\t\t<div class=\"elementor-button-wrapper icon_align_right\">\n\t\t\t\t\t<a class=\"elementor-button elementor-button-link elementor-size-sm\" href=\"https:\/\/investiradubai.com\/en\/contact\/\">\n\t\t\t\t\t\t<span class=\"elementor-button-content-wrapper\">\n\t\t\t\t\t\t<span class=\"elementor-button-icon\">\n\t\t\t\t<i aria-hidden=\"true\" class=\"stm-right-arrow\"><\/i>\t\t\t<\/span>\n\t\t\t\t\t\t\t\t\t<span class=\"elementor-button-text\"> Contact us<\/span>\n\t\t\t\t\t<\/span>\n\t\t\t\t\t<\/a>\n\t\t\t\t<\/div>\n\t\t\t\t\t\t\t\t<\/div>\n\t\t\t\t<\/div>\n\t\t\t\t\t<\/div>\n\t\t<\/div>\n\t\t\t\t\t<\/div>\n\t\t<\/section>\n\t\t\t\t<\/div>","protected":false},"excerpt":{"rendered":"<p>Certificat de r\u00e9sidence fiscal personnelle Obtenir un certificat de r\u00e9sidence fiscale personnelle est une \u00e9tape cruciale pour tout individu souhaitant \u00e9tablir sa r\u00e9sidence fiscale aux \u00c9mirats Arabes Unis. Ce document certifie votre statut de r\u00e9sident fiscal aupr\u00e8s des autorit\u00e9s locales et internationales. Il vous permet \u00e9galement de b\u00e9n\u00e9ficier des nombreux avantages offerts par la fiscalit\u00e9<\/p>","protected":false},"author":1,"featured_media":0,"parent":0,"menu_order":0,"comment_status":"closed","ping_status":"closed","template":"","meta":{"_coblocks_attr":"","_coblocks_dimensions":"","_coblocks_responsive_height":"","_coblocks_accordion_ie_support":"","footnotes":""},"class_list":["post-17503","page","type-page","status-publish","hentry"],"_links":{"self":[{"href":"https:\/\/investiradubai.com\/en\/wp-json\/wp\/v2\/pages\/17503","targetHints":{"allow":["GET"]}}],"collection":[{"href":"https:\/\/investiradubai.com\/en\/wp-json\/wp\/v2\/pages"}],"about":[{"href":"https:\/\/investiradubai.com\/en\/wp-json\/wp\/v2\/types\/page"}],"author":[{"embeddable":true,"href":"https:\/\/investiradubai.com\/en\/wp-json\/wp\/v2\/users\/1"}],"replies":[{"embeddable":true,"href":"https:\/\/investiradubai.com\/en\/wp-json\/wp\/v2\/comments?post=17503"}],"version-history":[{"count":28,"href":"https:\/\/investiradubai.com\/en\/wp-json\/wp\/v2\/pages\/17503\/revisions"}],"predecessor-version":[{"id":19291,"href":"https:\/\/investiradubai.com\/en\/wp-json\/wp\/v2\/pages\/17503\/revisions\/19291"}],"wp:attachment":[{"href":"https:\/\/investiradubai.com\/en\/wp-json\/wp\/v2\/media?parent=17503"}],"curies":[{"name":"wp","href":"https:\/\/api.w.org\/{rel}","templated":true}]}}