{"id":17505,"date":"2024-06-21T10:41:32","date_gmt":"2024-06-21T10:41:32","guid":{"rendered":"https:\/\/investiradubai.com\/?page_id=17505"},"modified":"2025-11-11T17:22:14","modified_gmt":"2025-11-11T17:22:14","slug":"residence-fiscale-professionnelle","status":"publish","type":"page","link":"https:\/\/investiradubai.com\/en\/professional-tax-residence-certificate\/","title":{"rendered":"Professional tax residence certificate"},"content":{"rendered":"<div data-elementor-type=\"wp-page\" data-elementor-id=\"17505\" class=\"elementor elementor-17505\">\n\t\t\t\t<div class=\"elementor-element elementor-element-7cdcbcc e-flex e-con-boxed e-con e-parent\" data-id=\"7cdcbcc\" data-element_type=\"container\" data-e-type=\"container\">\n\t\t\t\t\t<div class=\"e-con-inner\">\n\t\t\t\t<div class=\"elementor-element elementor-element-5b3f647 elementor-widget elementor-widget-spacer\" data-id=\"5b3f647\" data-element_type=\"widget\" data-e-type=\"widget\" data-widget_type=\"spacer.default\">\n\t\t\t\t<div class=\"elementor-widget-container\">\n\t\t\t\t\t\t\t<div class=\"elementor-spacer\">\n\t\t\t<div class=\"elementor-spacer-inner\"><\/div>\n\t\t<\/div>\n\t\t\t\t\t\t<\/div>\n\t\t\t\t<\/div>\n\t\t\t\t<div class=\"elementor-element elementor-element-9fd0b45 elementor-widget elementor-widget-heading\" data-id=\"9fd0b45\" data-element_type=\"widget\" data-e-type=\"widget\" data-widget_type=\"heading.default\">\n\t\t\t\t<div class=\"elementor-widget-container\">\n\t\t\t\t\t<h1 class=\"elementor-heading-title elementor-size-default\">Professional Tax Residence Certificate<\/h1>\t\t\t\t<\/div>\n\t\t\t\t<\/div>\n\t\t\t\t<div class=\"elementor-element elementor-element-2b9e94f elementor-widget elementor-widget-text-editor\" data-id=\"2b9e94f\" data-element_type=\"widget\" data-e-type=\"widget\" data-widget_type=\"text-editor.default\">\n\t\t\t\t<div class=\"elementor-widget-container\">\n\t\t\t\t\t\t\t\t\t<p class=\"translation-block\">Getting a certificate of professional tax residency in the United Arab Emirates is an essential step for companies looking to benefit from the UAE's tax advantages.<br>\nThis certificate proves that your company is a tax resident in the Emirates, opening the door to competitive tax rates, double taxation agreements and an environment conducive to business growth.<\/p>\n\t\t\t\t\t\t\t\t<\/div>\n\t\t\t\t<\/div>\n\t\t\t\t<div class=\"elementor-element elementor-element-0c79116 elementor-align-right elementor-widget elementor-widget-button\" data-id=\"0c79116\" data-element_type=\"widget\" data-e-type=\"widget\" data-widget_type=\"button.default\">\n\t\t\t\t<div class=\"elementor-widget-container\">\n\t\t\t\t\t\t\t\t\t<div class=\"elementor-button-wrapper icon_align_\">\n\t\t\t\t\t<a class=\"elementor-button elementor-button-link elementor-size-sm\" href=\"https:\/\/investiradubai.com\/en\/contact\/\">\n\t\t\t\t\t\t<span class=\"elementor-button-content-wrapper\">\n\t\t\t\t\t\t\t\t\t<span class=\"elementor-button-text\">\ud83d\udcc4 Get your free evaluation today<\/span>\n\t\t\t\t\t<\/span>\n\t\t\t\t\t<\/a>\n\t\t\t\t<\/div>\n\t\t\t\t\t\t\t\t<\/div>\n\t\t\t\t<\/div>\n\t\t\t\t<div class=\"elementor-element elementor-element-87f41ee elementor-widget elementor-widget-text-editor\" data-id=\"87f41ee\" data-element_type=\"widget\" data-e-type=\"widget\" data-widget_type=\"text-editor.default\">\n\t\t\t\t<div class=\"elementor-widget-container\">\n\t\t\t\t\t\t\t\t\t<blockquote>\n<h2><strong>Why Obtain a Professional Tax Residence Certificate?<\/strong><\/h2>\n<p class=\"translation-block\">The UAE's tax-friendly environment attracts globally ambitious companies. This certificate provides:<\/p>\n<ul>\n<li style=\"font-weight: 400;\" aria-level=\"1\" class=\"translation-block\"><b>Corporate tax exemption<\/b>: Available across many sectors  <br> <b>Double taxation avoidance<\/b>: Through the UAE's extensive tax treaty network<\/li>\n<li style=\"font-weight: 400;\" aria-level=\"1\" class=\"translation-block\"><b>Proof of tax residency<\/b>: Essential for international market access and preferential tax treatment<\/li>\n<li style=\"font-weight: 400;\" aria-level=\"1\" class=\"translation-block\"><b>Enhanced credibility<\/b>: Builds trust with partners\/investors by meeting global compliance standards<\/li>\n<\/ul>\n<\/blockquote>\n\t\t\t\t\t\t\t\t<\/div>\n\t\t\t\t<\/div>\n\t\t\t\t<div class=\"elementor-element elementor-element-64731dd elementor-widget elementor-widget-text-editor\" data-id=\"64731dd\" data-element_type=\"widget\" data-e-type=\"widget\" data-widget_type=\"text-editor.default\">\n\t\t\t\t<div class=\"elementor-widget-container\">\n\t\t\t\t\t\t\t\t\t<h2><strong>Benefits of the Professional Tax Residence Certificate<\/strong><\/h2>\n<p><span style=\"font-weight: 400;\">As a UAE tax resident, your business can:<\/span><\/p>\n<ol>\n<li style=\"font-weight: 400;\" aria-level=\"1\" class=\"translation-block\"><b>Reduce taxes<\/b>: Benefit from corporate tax exemptions, especially in Freezones.<\/li>\n<li style=\"font-weight: 400;\" aria-level=\"1\" class=\"translation-block\"><b>Access global markets<\/b>: Leverage the UAE's strategic location for MENA\/ Asia\/ Africa expansion<\/li>\n<li style=\"font-weight: 400;\" aria-level=\"1\" class=\"translation-block\"><b>Simplify international operations<\/b>: Lower tax costs on overseas profits.<br>\n<b>Ensure legal certainty<\/b>: Establish your fiscal headquarters in a modern,  business-friendly environment.<\/li>\n<\/ol>\n\t\t\t\t\t\t\t\t<\/div>\n\t\t\t\t<\/div>\n\t\t\t\t<div class=\"elementor-element elementor-element-08c6fac elementor-widget elementor-widget-text-editor\" data-id=\"08c6fac\" data-element_type=\"widget\" data-e-type=\"widget\" data-widget_type=\"text-editor.default\">\n\t\t\t\t<div class=\"elementor-widget-container\">\n\t\t\t\t\t\t\t\t\t<h2><strong>Requirements for Obtaining a Professional Tax Residence Certificate<\/strong><\/h2>\n<p><span style=\"font-weight: 400;\">To get a professional tax residence certificate in the UAE, your company needs to meet these criteria :<\/span><\/p>\n<ol>\n<li style=\"font-weight: 400;\" aria-level=\"1\" class=\"translation-block\"><b>Company registration<\/b>: Your company needs to be properly registered with the local authorities (Department of Economic Development DED or free zone authorities).<\/li>\n<li style=\"font-weight: 400;\" aria-level=\"1\" class=\"translation-block\"><b>Proof of business activity<\/b>: Demonstrate efficiency in UAE business operations (e.g. UAE contracts, invoices, and operational office evidence).<\/li>\n<li style=\"font-weight: 400;\" aria-level=\"1\" class=\"translation-block\"><b>Physical presence<\/b>: Active office with UAE address<\/li>\n<li style=\"font-weight: 400;\" aria-level=\"1\" class=\"translation-block\"><b>Financial documentation<\/b>: Provide financial and accounting reports documenting the company's activities locally.<\/li>\n<\/ol>\n\t\t\t\t\t\t\t\t<\/div>\n\t\t\t\t<\/div>\n\t\t\t\t\t<\/div>\n\t\t\t\t<\/div>\n\t\t\t\t<section class=\"elementor-section elementor-top-section elementor-element elementor-element-f27db49 elementor-section-content-middle elementor-section-boxed elementor-section-height-default elementor-section-height-default\" data-id=\"f27db49\" data-element_type=\"section\" data-e-type=\"section\">\n\t\t\t\t\t\t<div class=\"elementor-container elementor-column-gap-default\">\n\t\t\t\t\t<div class=\"elementor-column elementor-col-50 elementor-top-column elementor-element elementor-element-62f680c\" data-id=\"62f680c\" data-element_type=\"column\" data-e-type=\"column\">\n\t\t\t<div class=\"elementor-widget-wrap elementor-element-populated\">\n\t\t\t\t\t\t<div class=\"elementor-element elementor-element-5ffef99 elementor-widget elementor-widget-heading\" data-id=\"5ffef99\" data-element_type=\"widget\" data-e-type=\"widget\" data-widget_type=\"heading.default\">\n\t\t\t\t<div class=\"elementor-widget-container\">\n\t\t\t\t\t<h2 class=\"elementor-heading-title elementor-size-default\">How Investir \u00e0 Dubai Can Unlock New Opportunities for Your Investments<\/h2>\t\t\t\t<\/div>\n\t\t\t\t<\/div>\n\t\t\t\t<div class=\"elementor-element elementor-element-13844c5 elementor-widget elementor-widget-heading\" data-id=\"13844c5\" data-element_type=\"widget\" data-e-type=\"widget\" data-widget_type=\"heading.default\">\n\t\t\t\t<div class=\"elementor-widget-container\">\n\t\t\t\t\t<p class=\"elementor-heading-title elementor-size-default\">At Investir \u00e0 Duba\u00ef, we simplify the certification process while maximizing UAE tax benefits. Our services include: <\/p>\t\t\t\t<\/div>\n\t\t\t\t<\/div>\n\t\t\t\t<div class=\"elementor-element elementor-element-3af00ae elementor-widget__width-initial elementor-widget elementor-widget-spacer\" data-id=\"3af00ae\" data-element_type=\"widget\" data-e-type=\"widget\" data-widget_type=\"spacer.default\">\n\t\t\t\t<div class=\"elementor-widget-container\">\n\t\t\t\t\t\t\t<div class=\"elementor-spacer\">\n\t\t\t<div class=\"elementor-spacer-inner\"><\/div>\n\t\t<\/div>\n\t\t\t\t\t\t<\/div>\n\t\t\t\t<\/div>\n\t\t\t\t<div class=\"elementor-element elementor-element-540da0f elementor-widget elementor-widget-heading\" data-id=\"540da0f\" data-element_type=\"widget\" data-e-type=\"widget\" data-widget_type=\"heading.default\">\n\t\t\t\t<div class=\"elementor-widget-container\">\n\t\t\t\t\t<p class=\"elementor-heading-title elementor-size-default\">We Offer :<\/p>\t\t\t\t<\/div>\n\t\t\t\t<\/div>\n\t\t\t\t<div class=\"elementor-element elementor-element-aeb59d8 elementor-widget elementor-widget-text-editor\" data-id=\"aeb59d8\" data-element_type=\"widget\" data-e-type=\"widget\" data-widget_type=\"text-editor.default\">\n\t\t\t\t<div class=\"elementor-widget-container\">\n\t\t\t\t\t\t\t\t\t<ul>\n<li class=\"translation-block\"><b>One-to-One Consultation<\/b>: Review your tax situation and identify the best strategy for your business.<\/li>\n<li class=\"translation-block\"><b>Document Preparation<\/b>: We help you gather and prepare all the documents required for your application.<\/li>\n<li class=\"translation-block\"><b>Expert Guidance<\/b>: We take care of submitting and following up your application with the relevant authorities.<\/li>\n<li class=\"translation-block\"><b>Compliance Advice<\/b>: We ensure that your company meets all applicable local regulations.<\/li>\n<\/ul>\n\t\t\t\t\t\t\t\t<\/div>\n\t\t\t\t<\/div>\n\t\t\t\t<div class=\"elementor-element elementor-element-98fec2c elementor-align-left elementor-widget elementor-widget-button\" data-id=\"98fec2c\" data-element_type=\"widget\" data-e-type=\"widget\" data-widget_type=\"button.default\">\n\t\t\t\t<div class=\"elementor-widget-container\">\n\t\t\t\t\t\t\t\t\t<div class=\"elementor-button-wrapper icon_align_\">\n\t\t\t\t\t<a class=\"elementor-button elementor-button-link elementor-size-sm\" href=\"https:\/\/investiradubai.com\/en\/service\/company-set-up\/\">\n\t\t\t\t\t\t<span class=\"elementor-button-content-wrapper\">\n\t\t\t\t\t\t\t\t\t<span class=\"elementor-button-text\">\ud83d\udcbc Explore our services today<\/span>\n\t\t\t\t\t<\/span>\n\t\t\t\t\t<\/a>\n\t\t\t\t<\/div>\n\t\t\t\t\t\t\t\t<\/div>\n\t\t\t\t<\/div>\n\t\t\t\t\t<\/div>\n\t\t<\/div>\n\t\t\t\t<div class=\"elementor-column elementor-col-50 elementor-top-column elementor-element elementor-element-d33d4fc\" data-id=\"d33d4fc\" data-element_type=\"column\" data-e-type=\"column\">\n\t\t\t<div class=\"elementor-widget-wrap elementor-element-populated\">\n\t\t\t\t\t\t<div class=\"elementor-element elementor-element-17927eb elementor-widget__width-auto elementor-absolute elementor-hidden-mobile elementor-hidden-tablet elementor-widget elementor-widget-image\" data-id=\"17927eb\" data-element_type=\"widget\" data-e-type=\"widget\" data-settings=\"{&quot;_position&quot;:&quot;absolute&quot;}\" data-widget_type=\"image.default\">\n\t\t\t\t<div class=\"elementor-widget-container\">\n\t\t\t\t\t\t\t\t\t\t\t\t\t\t\t<img fetchpriority=\"high\" decoding=\"async\" width=\"358\" height=\"250\" src=\"https:\/\/investiradubai.com\/wp-content\/uploads\/2024\/03\/societe-a-dubai-768x512-1-358x250.jpg\" class=\"attachment-consulting-image-358x250-cropped size-consulting-image-358x250-cropped wp-image-16678\" alt=\"cr\u00e9ation soci\u00e9t\u00e9 Dubai Emirates\" \/>\t\t\t\t\t\t\t\t\t\t\t\t\t\t\t<\/div>\n\t\t\t\t<\/div>\n\t\t\t\t<div class=\"elementor-element elementor-element-4828091 elementor-widget elementor-widget-image-carousel\" data-id=\"4828091\" data-element_type=\"widget\" data-e-type=\"widget\" data-settings=\"{&quot;slides_to_show&quot;:&quot;1&quot;,&quot;navigation&quot;:&quot;none&quot;,&quot;autoplay&quot;:&quot;yes&quot;,&quot;pause_on_hover&quot;:&quot;yes&quot;,&quot;pause_on_interaction&quot;:&quot;yes&quot;,&quot;autoplay_speed&quot;:5000,&quot;infinite&quot;:&quot;yes&quot;,&quot;effect&quot;:&quot;slide&quot;,&quot;speed&quot;:500}\" data-widget_type=\"image-carousel.default\">\n\t\t\t\t<div class=\"elementor-widget-container\">\n\t\t\t\t\t\t\t<div class=\"elementor-image-carousel-wrapper swiper\" role=\"region\" aria-roledescription=\"carousel\" aria-label=\"Carrousel d\u2019images\" dir=\"ltr\">\n\t\t\t<div class=\"elementor-image-carousel swiper-wrapper\" aria-live=\"off\">\n\t\t\t\t\t\t\t\t<div class=\"swiper-slide\" role=\"group\" aria-roledescription=\"slide\" aria-label=\"1 sur 3\" data-no-translation-aria-label=\"\"><figure class=\"swiper-slide-inner\"><img decoding=\"async\" class=\"swiper-slide-image\" src=\"https:\/\/investiradubai.com\/wp-content\/uploads\/elementor\/thumbs\/portfolio-3-1-qkpl90rquh14eizdiekj6blgwn2gn7dhi4a2ugg9kg.jpg\" alt=\"Consultation gratuite\u200b pour la Cr\u00e9ation de Soci\u00e9t\u00e9 \u00e0 Duba\u00ef\" \/><\/figure><\/div><div class=\"swiper-slide\" role=\"group\" aria-roledescription=\"slide\" aria-label=\"2 sur 3\" data-no-translation-aria-label=\"\"><figure class=\"swiper-slide-inner\"><img decoding=\"async\" class=\"swiper-slide-image\" src=\"https:\/\/investiradubai.com\/wp-content\/uploads\/elementor\/thumbs\/portfolio-6-1-qkpl96erzh8uc6r6lh0ala68gyanxdzviw6zq47wj4.jpg\" alt=\"cr\u00e9ation Soci\u00e9t\u00e9 Dubai\" \/><\/figure><\/div><div class=\"swiper-slide\" role=\"group\" aria-roledescription=\"slide\" aria-label=\"3 sur 3\" data-no-translation-aria-label=\"\"><figure class=\"swiper-slide-inner\"><img decoding=\"async\" class=\"swiper-slide-image\" src=\"https:\/\/investiradubai.com\/wp-content\/uploads\/elementor\/thumbs\/events-4-1-qkpl8sb74ypji1bnvsww1vqbk685pxfwgyepiyst4g.jpg\" alt=\"Cr\u00e9ation Soci\u00e9t\u00e9 Freezone Dubai Emirates\" \/><\/figure><\/div>\t\t\t<\/div>\n\t\t\t\t\t\t\t\n\t\t\t\t\t\t\t\t\t<\/div>\n\t\t\t\t\t\t<\/div>\n\t\t\t\t<\/div>\n\t\t\t\t<div class=\"elementor-element elementor-element-05604eb elementor-widget__width-auto elementor-absolute elementor-hidden-mobile elementor-hidden-tablet elementor-widget elementor-widget-image\" data-id=\"05604eb\" data-element_type=\"widget\" data-e-type=\"widget\" data-settings=\"{&quot;_position&quot;:&quot;absolute&quot;}\" data-widget_type=\"image.default\">\n\t\t\t\t<div class=\"elementor-widget-container\">\n\t\t\t\t\t\t\t\t\t\t\t\t\t\t\t<img decoding=\"async\" width=\"358\" height=\"250\" src=\"https:\/\/investiradubai.com\/wp-content\/uploads\/2024\/03\/portfolio-1-1-358x250.jpg\" class=\"attachment-consulting-image-358x250-cropped size-consulting-image-358x250-cropped wp-image-16506\" alt=\"conseillers sp\u00e9cialis\u00e9s dans la cr\u00e9ation de soci\u00e9t\u00e9\" \/>\t\t\t\t\t\t\t\t\t\t\t\t\t\t\t<\/div>\n\t\t\t\t<\/div>\n\t\t\t\t\t<\/div>\n\t\t<\/div>\n\t\t\t\t\t<\/div>\n\t\t<\/section>\n\t\t\t\t<section class=\"elementor-section elementor-top-section elementor-element elementor-element-f81f2a0 about-bg-right elementor-section-stretched elementor-section-content-middle elementor-section-boxed elementor-section-height-default elementor-section-height-default\" data-id=\"f81f2a0\" data-element_type=\"section\" data-e-type=\"section\" data-settings=\"{&quot;background_background&quot;:&quot;classic&quot;,&quot;stretch_section&quot;:&quot;section-stretched&quot;}\">\n\t\t\t\t\t\t<div class=\"elementor-container elementor-column-gap-default\">\n\t\t\t\t\t<div class=\"elementor-column elementor-col-50 elementor-top-column elementor-element elementor-element-0cd14d1\" data-id=\"0cd14d1\" data-element_type=\"column\" data-e-type=\"column\">\n\t\t\t<div class=\"elementor-widget-wrap elementor-element-populated\">\n\t\t\t\t\t\t<div class=\"elementor-element elementor-element-5d7b5d5 elementor-widget elementor-widget-vc_custom_heading\" data-id=\"5d7b5d5\" data-element_type=\"widget\" data-e-type=\"widget\" data-widget_type=\"vc_custom_heading.default\">\n\t\t\t\t<div class=\"elementor-widget-container\">\n\t\t\t\t\t<div class=\"vc_custom_heading  consulting_heading_font  text_align_left title_no_stripe\" ><h2 style=\"text-align: left;font-weight:600\" class=\"consulting-custom-title\">Take Advantage of the UAE\u2019s Tax-Friendly Environment\n<\/h2><\/div>\t\t\t\t<\/div>\n\t\t\t\t<\/div>\n\t\t\t\t<div class=\"elementor-element elementor-element-92ee531 elementor-widget__width-initial elementor-widget elementor-widget-spacer\" data-id=\"92ee531\" data-element_type=\"widget\" data-e-type=\"widget\" data-widget_type=\"spacer.default\">\n\t\t\t\t<div class=\"elementor-widget-container\">\n\t\t\t\t\t\t\t<div class=\"elementor-spacer\">\n\t\t\t<div class=\"elementor-spacer-inner\"><\/div>\n\t\t<\/div>\n\t\t\t\t\t\t<\/div>\n\t\t\t\t<\/div>\n\t\t\t\t<div class=\"elementor-element elementor-element-5ba6be1 elementor-widget elementor-widget-text-editor\" data-id=\"5ba6be1\" data-element_type=\"widget\" data-e-type=\"widget\" data-widget_type=\"text-editor.default\">\n\t\t\t\t<div class=\"elementor-widget-container\">\n\t\t\t\t\t\t\t\t\t<p class=\"translation-block\">With a professional tax residency certificate, your company is well placed to take advantage of the benefits offered by the United Arab Emirates. Whether you're a Small and medium enterprise (SMEs) expanding internationally, or a large corporation optimizing its tax structure, this certificate offers you unrivalled flexibility and benefits.<\/p>\n\t\t\t\t\t\t\t\t<\/div>\n\t\t\t\t<\/div>\n\t\t\t\t\t<\/div>\n\t\t<\/div>\n\t\t\t\t<div class=\"elementor-column elementor-col-50 elementor-top-column elementor-element elementor-element-1891d41 about_full-right_width\" data-id=\"1891d41\" data-element_type=\"column\" data-e-type=\"column\" data-settings=\"{&quot;background_background&quot;:&quot;classic&quot;}\">\n\t\t\t<div class=\"elementor-widget-wrap\">\n\t\t\t\t\t\t\t<\/div>\n\t\t<\/div>\n\t\t\t\t\t<\/div>\n\t\t<\/section>\n\t\t<div class=\"elementor-element elementor-element-31c2a66 e-flex e-con-boxed e-con e-parent\" data-id=\"31c2a66\" data-element_type=\"container\" data-e-type=\"container\">\n\t\t\t\t\t<div class=\"e-con-inner\">\n\t\t\t\t<div class=\"elementor-element elementor-element-5d755d7 elementor-widget elementor-widget-heading\" data-id=\"5d755d7\" data-element_type=\"widget\" data-e-type=\"widget\" data-widget_type=\"heading.default\">\n\t\t\t\t<div class=\"elementor-widget-container\">\n\t\t\t\t\t<h2 class=\"elementor-heading-title elementor-size-default\">Maximize your business's potential with a UAE tax residence certificate:<\/h2>\t\t\t\t<\/div>\n\t\t\t\t<\/div>\n\t\t\t\t<div class=\"elementor-element elementor-element-c889b8c elementor-widget elementor-widget-text-editor\" data-id=\"c889b8c\" data-element_type=\"widget\" data-e-type=\"widget\" data-widget_type=\"text-editor.default\">\n\t\t\t\t<div class=\"elementor-widget-container\">\n\t\t\t\t\t\t\t\t\t<p data-pm-slice=\"1 1 []\" class=\"translation-block\">As a tax resident of the United Arab Emirates,you benefit from tax exemptions covering <b>strategic sectors and protection against double taxation<\/b>. This gives you greater freedom to reinvest your profits in future projects.<\/p>\n<p data-pm-slice=\"1 1 []\" class=\"translation-block\">On top of this, <b> the economic and political stability<\/b> of the UAE provides you with a supportive environment for the sustainable development of your business.<br><br>\n<a href=\"https:\/\/investiradubai.com\/en\/service\/company-set-up\/\">\ud83d\udcde Contact us today <a><\/p>\n\t\t\t\t\t\t\t\t<\/div>\n\t\t\t\t<\/div>\n\t\t\t\t<div class=\"elementor-element elementor-element-0c13b6b elementor-widget elementor-widget-text-editor\" data-id=\"0c13b6b\" data-element_type=\"widget\" data-e-type=\"widget\" data-widget_type=\"text-editor.default\">\n\t\t\t\t<div class=\"elementor-widget-container\">\n\t\t\t\t\t\t\t\t\t<blockquote>\n<h2><strong>Let Our Experts Secure Your UAE Tax Residency<\/strong><\/h2>\n<p class=\"translation-block\">By choosing <b>Investir \u00e0 Duba\u00ef<\/b> as your partner, you gain a team of experts dedicated to your fiscal and commercial success. Our mission is to help you fully enjoy the UAE\u2019s tax benefits without worrying about complex administrative processes.<\/p>\n<p class=\"translation-block\"><b>Get in touch<\/b> with us today to start the process of getting your professional tax residence certificate and unlock new growth opportunities for your business.<\/p><\/blockquote>\n\t\t\t\t\t\t\t\t<\/div>\n\t\t\t\t<\/div>\n\t\t\t\t\t<\/div>\n\t\t\t\t<\/div>\n\t\t\t\t<section class=\"elementor-section elementor-top-section elementor-element elementor-element-f8acd18 elementor-section-content-middle elementor-section-boxed elementor-section-height-default elementor-section-height-default\" data-id=\"f8acd18\" data-element_type=\"section\" data-e-type=\"section\" data-settings=\"{&quot;background_background&quot;:&quot;classic&quot;}\">\n\t\t\t\t\t\t<div class=\"elementor-container elementor-column-gap-default\">\n\t\t\t\t\t<div class=\"elementor-column elementor-col-50 elementor-top-column elementor-element elementor-element-1efacba\" data-id=\"1efacba\" data-element_type=\"column\" data-e-type=\"column\">\n\t\t\t<div class=\"elementor-widget-wrap elementor-element-populated\">\n\t\t\t\t\t\t<div class=\"elementor-element elementor-element-4d77b55 elementor-widget elementor-widget-heading\" data-id=\"4d77b55\" data-element_type=\"widget\" data-e-type=\"widget\" data-widget_type=\"heading.default\">\n\t\t\t\t<div class=\"elementor-widget-container\">\n\t\t\t\t\t<div class=\"elementor-heading-title elementor-size-default\">\ud83d\udcdeContact Us for a Free Consultation<\/div>\t\t\t\t<\/div>\n\t\t\t\t<\/div>\n\t\t\t\t\t<\/div>\n\t\t<\/div>\n\t\t\t\t<div class=\"elementor-column elementor-col-50 elementor-top-column elementor-element elementor-element-8f8473b\" data-id=\"8f8473b\" data-element_type=\"column\" data-e-type=\"column\">\n\t\t\t<div class=\"elementor-widget-wrap elementor-element-populated\">\n\t\t\t\t\t\t<div class=\"elementor-element elementor-element-cb697c1 elementor-widget__width-auto elementor-widget elementor-widget-button\" data-id=\"cb697c1\" data-element_type=\"widget\" data-e-type=\"widget\" data-widget_type=\"button.default\">\n\t\t\t\t<div class=\"elementor-widget-container\">\n\t\t\t\t\t\t\t\t\t<div class=\"elementor-button-wrapper icon_align_right\">\n\t\t\t\t\t<a class=\"elementor-button elementor-button-link elementor-size-sm\" href=\"https:\/\/investiradubai.com\/en\/contact\/\">\n\t\t\t\t\t\t<span class=\"elementor-button-content-wrapper\">\n\t\t\t\t\t\t<span class=\"elementor-button-icon\">\n\t\t\t\t<i aria-hidden=\"true\" class=\"stm-right-arrow\"><\/i>\t\t\t<\/span>\n\t\t\t\t\t\t\t\t\t<span class=\"elementor-button-text\"> Contact us<\/span>\n\t\t\t\t\t<\/span>\n\t\t\t\t\t<\/a>\n\t\t\t\t<\/div>\n\t\t\t\t\t\t\t\t<\/div>\n\t\t\t\t<\/div>\n\t\t\t\t\t<\/div>\n\t\t<\/div>\n\t\t\t\t\t<\/div>\n\t\t<\/section>\n\t\t\t\t<\/div>","protected":false},"excerpt":{"rendered":"<p>Certificat de r\u00e9sidence fiscal professionnelle Obtenir un certificat de r\u00e9sidence fiscale professionnelle aux \u00c9mirats Arabes Unis est une \u00e9tape incontournable pour les entreprises souhaitant b\u00e9n\u00e9ficier des nombreux avantages fiscaux offerts par ce pays. Ce certificat permet de prouver que votre entreprise est r\u00e9sidente fiscale aux \u00c9mirats. Il vous ouvre ainsi la porte \u00e0 une fiscalit\u00e9<\/p>","protected":false},"author":1,"featured_media":0,"parent":0,"menu_order":0,"comment_status":"closed","ping_status":"closed","template":"","meta":{"_coblocks_attr":"","_coblocks_dimensions":"","_coblocks_responsive_height":"","_coblocks_accordion_ie_support":"","footnotes":""},"class_list":["post-17505","page","type-page","status-publish","hentry"],"_links":{"self":[{"href":"https:\/\/investiradubai.com\/en\/wp-json\/wp\/v2\/pages\/17505","targetHints":{"allow":["GET"]}}],"collection":[{"href":"https:\/\/investiradubai.com\/en\/wp-json\/wp\/v2\/pages"}],"about":[{"href":"https:\/\/investiradubai.com\/en\/wp-json\/wp\/v2\/types\/page"}],"author":[{"embeddable":true,"href":"https:\/\/investiradubai.com\/en\/wp-json\/wp\/v2\/users\/1"}],"replies":[{"embeddable":true,"href":"https:\/\/investiradubai.com\/en\/wp-json\/wp\/v2\/comments?post=17505"}],"version-history":[{"count":20,"href":"https:\/\/investiradubai.com\/en\/wp-json\/wp\/v2\/pages\/17505\/revisions"}],"predecessor-version":[{"id":19310,"href":"https:\/\/investiradubai.com\/en\/wp-json\/wp\/v2\/pages\/17505\/revisions\/19310"}],"wp:attachment":[{"href":"https:\/\/investiradubai.com\/en\/wp-json\/wp\/v2\/media?parent=17505"}],"curies":[{"name":"wp","href":"https:\/\/api.w.org\/{rel}","templated":true}]}}